{"id":1783,"date":"2021-03-06T19:01:46","date_gmt":"2021-03-06T18:01:46","guid":{"rendered":"https:\/\/pdulski.com\/?page_id=1783"},"modified":"2021-03-06T20:05:00","modified_gmt":"2021-03-06T19:05:00","slug":"infografika-wytrwalosc","status":"publish","type":"page","link":"https:\/\/pdulski.com\/en\/infografika-wytrwalosc\/","title":{"rendered":"Infografika Wytrwa\u0142o\u015b\u0107"},"content":{"rendered":"<div data-elementor-type=\"wp-page\" data-elementor-id=\"1783\" class=\"elementor elementor-1783\" data-elementor-post-type=\"page\">\n\t\t\t\t\t\t<section class=\"elementor-section elementor-top-section elementor-element elementor-element-193f2b4 elementor-section-boxed elementor-section-height-default elementor-section-height-default\" data-id=\"193f2b4\" data-element_type=\"section\">\n\t\t\t\t\t\t<div class=\"elementor-container elementor-column-gap-default\">\n\t\t\t\t\t<div class=\"elementor-column elementor-col-100 elementor-top-column elementor-element elementor-element-7fc5127\" data-id=\"7fc5127\" data-element_type=\"column\">\n\t\t\t<div class=\"elementor-widget-wrap elementor-element-populated\">\n\t\t\t\t\t\t<div class=\"elementor-element elementor-element-76d5202 elementor-widget elementor-widget-spacer\" data-id=\"76d5202\" data-element_type=\"widget\" data-widget_type=\"spacer.default\">\n\t\t\t\t<div class=\"elementor-widget-container\">\n\t\t\t\t\t\t\t<div class=\"elementor-spacer\">\n\t\t\t<div class=\"elementor-spacer-inner\"><\/div>\n\t\t<\/div>\n\t\t\t\t\t\t<\/div>\n\t\t\t\t<\/div>\n\t\t\t\t\t<\/div>\n\t\t<\/div>\n\t\t\t\t\t<\/div>\n\t\t<\/section>\n\t\t\t\t<section class=\"elementor-section elementor-top-section elementor-element elementor-element-8849033 elementor-section-boxed elementor-section-height-default elementor-section-height-default\" data-id=\"8849033\" data-element_type=\"section\">\n\t\t\t\t\t\t<div class=\"elementor-container elementor-column-gap-default\">\n\t\t\t\t\t<div class=\"elementor-column elementor-col-100 elementor-top-column elementor-element elementor-element-3fdc42d\" data-id=\"3fdc42d\" data-element_type=\"column\">\n\t\t\t<div class=\"elementor-widget-wrap elementor-element-populated\">\n\t\t\t\t\t\t<div class=\"elementor-element elementor-element-fdc2949 elementor-widget elementor-widget-image\" data-id=\"fdc2949\" data-element_type=\"widget\" data-widget_type=\"image.default\">\n\t\t\t\t<div class=\"elementor-widget-container\">\n\t\t\t\t\t\t\t\t\t\t\t\t\t\t\t<img fetchpriority=\"high\" decoding=\"async\" width=\"793\" height=\"1024\" src=\"https:\/\/pdulski.com\/wp-content\/uploads\/2021\/03\/Wytrwalosc.jpeg\" class=\"attachment-large size-large wp-image-1782\" alt=\"\" srcset=\"https:\/\/pdulski.com\/wp-content\/uploads\/2021\/03\/Wytrwalosc.jpeg 793w, https:\/\/pdulski.com\/wp-content\/uploads\/2021\/03\/Wytrwalosc-232x300.jpeg 232w, https:\/\/pdulski.com\/wp-content\/uploads\/2021\/03\/Wytrwalosc-768x992.jpeg 768w, https:\/\/pdulski.com\/wp-content\/uploads\/2021\/03\/Wytrwalosc-9x12.jpeg 9w\" sizes=\"(max-width: 793px) 100vw, 793px\" \/>\t\t\t\t\t\t\t\t\t\t\t\t\t\t\t<\/div>\n\t\t\t\t<\/div>\n\t\t\t\t\t<\/div>\n\t\t<\/div>\n\t\t\t\t\t<\/div>\n\t\t<\/section>\n\t\t\t\t<\/div>","protected":false},"excerpt":{"rendered":"","protected":false},"author":3,"featured_media":0,"parent":0,"menu_order":0,"comment_status":"closed","ping_status":"closed","template":"","meta":{"footnotes":""},"yoast_head":"<!-- This site is optimized with the Yoast SEO plugin v23.0 - https:\/\/yoast.com\/wordpress\/plugins\/seo\/ -->\n<title>Infografika Wytrwa\u0142o\u015b\u0107 - Teoria L\u0119ku Pierwotnego<\/title>\n<meta name=\"robots\" content=\"index, follow, max-snippet:-1, max-image-preview:large, max-video-preview:-1\" \/>\n<link rel=\"canonical\" href=\"https:\/\/pdulski.com\/en\/infografika-wytrwalosc\/\" \/>\n<meta property=\"og:locale\" content=\"en_US\" \/>\n<meta property=\"og:type\" content=\"article\" \/>\n<meta property=\"og:title\" content=\"Infografika Wytrwa\u0142o\u015b\u0107 - Teoria L\u0119ku Pierwotnego\" \/>\n<meta property=\"og:url\" content=\"https:\/\/pdulski.com\/en\/infografika-wytrwalosc\/\" \/>\n<meta property=\"og:site_name\" content=\"Teoria L\u0119ku Pierwotnego\" \/>\n<meta property=\"article:modified_time\" content=\"2021-03-06T19:05:00+00:00\" \/>\n<meta property=\"og:image\" content=\"https:\/\/pdulski.com\/wp-content\/uploads\/2021\/03\/Wytrwalosc.jpeg\" \/>\n<meta name=\"twitter:card\" content=\"summary_large_image\" \/>\n<meta name=\"twitter:label1\" content=\"Est. reading time\" \/>\n\t<meta name=\"twitter:data1\" content=\"1 minute\" \/>\n<script type=\"application\/ld+json\" class=\"yoast-schema-graph\">{\"@context\":\"https:\/\/schema.org\",\"@graph\":[{\"@type\":\"WebPage\",\"@id\":\"https:\/\/pdulski.com\/infografika-wytrwalosc\/\",\"url\":\"https:\/\/pdulski.com\/infografika-wytrwalosc\/\",\"name\":\"Infografika Wytrwa\u0142o\u015b\u0107 - Teoria L\u0119ku Pierwotnego\",\"isPartOf\":{\"@id\":\"https:\/\/pdulski.com\/#website\"},\"primaryImageOfPage\":{\"@id\":\"https:\/\/pdulski.com\/infografika-wytrwalosc\/#primaryimage\"},\"image\":{\"@id\":\"https:\/\/pdulski.com\/infografika-wytrwalosc\/#primaryimage\"},\"thumbnailUrl\":\"https:\/\/pdulski.com\/wp-content\/uploads\/2021\/03\/Wytrwalosc.jpeg\",\"datePublished\":\"2021-03-06T18:01:46+00:00\",\"dateModified\":\"2021-03-06T19:05:00+00:00\",\"breadcrumb\":{\"@id\":\"https:\/\/pdulski.com\/infografika-wytrwalosc\/#breadcrumb\"},\"inLanguage\":\"en-US\",\"potentialAction\":[{\"@type\":\"ReadAction\",\"target\":[\"https:\/\/pdulski.com\/infografika-wytrwalosc\/\"]}]},{\"@type\":\"ImageObject\",\"inLanguage\":\"en-US\",\"@id\":\"https:\/\/pdulski.com\/infografika-wytrwalosc\/#primaryimage\",\"url\":\"https:\/\/pdulski.com\/wp-content\/uploads\/2021\/03\/Wytrwalosc.jpeg\",\"contentUrl\":\"https:\/\/pdulski.com\/wp-content\/uploads\/2021\/03\/Wytrwalosc.jpeg\"},{\"@type\":\"BreadcrumbList\",\"@id\":\"https:\/\/pdulski.com\/infografika-wytrwalosc\/#breadcrumb\",\"itemListElement\":[{\"@type\":\"ListItem\",\"position\":1,\"name\":\"Strona g\u0142\u00f3wna\",\"item\":\"https:\/\/pdulski.com\/\"},{\"@type\":\"ListItem\",\"position\":2,\"name\":\"Infografika Wytrwa\u0142o\u015b\u0107\"}]},{\"@type\":\"WebSite\",\"@id\":\"https:\/\/pdulski.com\/#website\",\"url\":\"https:\/\/pdulski.com\/\",\"name\":\"Teoria L\u0119ku Pierwotnego\",\"description\":\"Pokonaj strach!\",\"publisher\":{\"@id\":\"https:\/\/pdulski.com\/#\/schema\/person\/95f7a084dc09559e90a6fe806df02883\"},\"potentialAction\":[{\"@type\":\"SearchAction\",\"target\":{\"@type\":\"EntryPoint\",\"urlTemplate\":\"https:\/\/pdulski.com\/?s={search_term_string}\"},\"query-input\":\"required name=search_term_string\"}],\"inLanguage\":\"en-US\"},{\"@type\":[\"Person\",\"Organization\"],\"@id\":\"https:\/\/pdulski.com\/#\/schema\/person\/95f7a084dc09559e90a6fe806df02883\",\"name\":\"Paul Dulski\",\"image\":{\"@type\":\"ImageObject\",\"inLanguage\":\"en-US\",\"@id\":\"https:\/\/pdulski.com\/#\/schema\/person\/image\/\",\"url\":\"https:\/\/pdulski.com\/wp-content\/uploads\/2020\/08\/logo_white_full.svg\",\"contentUrl\":\"https:\/\/pdulski.com\/wp-content\/uploads\/2020\/08\/logo_white_full.svg\",\"width\":1,\"height\":1,\"caption\":\"Paul Dulski\"},\"logo\":{\"@id\":\"https:\/\/pdulski.com\/#\/schema\/person\/image\/\"}}]}<\/script>\n<!-- \/ Yoast SEO plugin. -->","yoast_head_json":{"title":"Infografika Wytrwa\u0142o\u015b\u0107 - Teoria L\u0119ku Pierwotnego","robots":{"index":"index","follow":"follow","max-snippet":"max-snippet:-1","max-image-preview":"max-image-preview:large","max-video-preview":"max-video-preview:-1"},"canonical":"https:\/\/pdulski.com\/en\/infografika-wytrwalosc\/","og_locale":"en_US","og_type":"article","og_title":"Infografika Wytrwa\u0142o\u015b\u0107 - Teoria L\u0119ku Pierwotnego","og_url":"https:\/\/pdulski.com\/en\/infografika-wytrwalosc\/","og_site_name":"Teoria L\u0119ku Pierwotnego","article_modified_time":"2021-03-06T19:05:00+00:00","og_image":[{"url":"https:\/\/pdulski.com\/wp-content\/uploads\/2021\/03\/Wytrwalosc.jpeg"}],"twitter_card":"summary_large_image","twitter_misc":{"Est. reading time":"1 minute"},"schema":{"@context":"https:\/\/schema.org","@graph":[{"@type":"WebPage","@id":"https:\/\/pdulski.com\/infografika-wytrwalosc\/","url":"https:\/\/pdulski.com\/infografika-wytrwalosc\/","name":"Infografika Wytrwa\u0142o\u015b\u0107 - Teoria L\u0119ku Pierwotnego","isPartOf":{"@id":"https:\/\/pdulski.com\/#website"},"primaryImageOfPage":{"@id":"https:\/\/pdulski.com\/infografika-wytrwalosc\/#primaryimage"},"image":{"@id":"https:\/\/pdulski.com\/infografika-wytrwalosc\/#primaryimage"},"thumbnailUrl":"https:\/\/pdulski.com\/wp-content\/uploads\/2021\/03\/Wytrwalosc.jpeg","datePublished":"2021-03-06T18:01:46+00:00","dateModified":"2021-03-06T19:05:00+00:00","breadcrumb":{"@id":"https:\/\/pdulski.com\/infografika-wytrwalosc\/#breadcrumb"},"inLanguage":"en-US","potentialAction":[{"@type":"ReadAction","target":["https:\/\/pdulski.com\/infografika-wytrwalosc\/"]}]},{"@type":"ImageObject","inLanguage":"en-US","@id":"https:\/\/pdulski.com\/infografika-wytrwalosc\/#primaryimage","url":"https:\/\/pdulski.com\/wp-content\/uploads\/2021\/03\/Wytrwalosc.jpeg","contentUrl":"https:\/\/pdulski.com\/wp-content\/uploads\/2021\/03\/Wytrwalosc.jpeg"},{"@type":"BreadcrumbList","@id":"https:\/\/pdulski.com\/infografika-wytrwalosc\/#breadcrumb","itemListElement":[{"@type":"ListItem","position":1,"name":"Strona g\u0142\u00f3wna","item":"https:\/\/pdulski.com\/"},{"@type":"ListItem","position":2,"name":"Infografika Wytrwa\u0142o\u015b\u0107"}]},{"@type":"WebSite","@id":"https:\/\/pdulski.com\/#website","url":"https:\/\/pdulski.com\/","name":"Teoria L\u0119ku Pierwotnego","description":"Pokonaj strach!","publisher":{"@id":"https:\/\/pdulski.com\/#\/schema\/person\/95f7a084dc09559e90a6fe806df02883"},"potentialAction":[{"@type":"SearchAction","target":{"@type":"EntryPoint","urlTemplate":"https:\/\/pdulski.com\/?s={search_term_string}"},"query-input":"required name=search_term_string"}],"inLanguage":"en-US"},{"@type":["Person","Organization"],"@id":"https:\/\/pdulski.com\/#\/schema\/person\/95f7a084dc09559e90a6fe806df02883","name":"Paul Dulski","image":{"@type":"ImageObject","inLanguage":"en-US","@id":"https:\/\/pdulski.com\/#\/schema\/person\/image\/","url":"https:\/\/pdulski.com\/wp-content\/uploads\/2020\/08\/logo_white_full.svg","contentUrl":"https:\/\/pdulski.com\/wp-content\/uploads\/2020\/08\/logo_white_full.svg","width":1,"height":1,"caption":"Paul Dulski"},"logo":{"@id":"https:\/\/pdulski.com\/#\/schema\/person\/image\/"}}]}},"_links":{"self":[{"href":"https:\/\/pdulski.com\/en\/wp-json\/wp\/v2\/pages\/1783"}],"collection":[{"href":"https:\/\/pdulski.com\/en\/wp-json\/wp\/v2\/pages"}],"about":[{"href":"https:\/\/pdulski.com\/en\/wp-json\/wp\/v2\/types\/page"}],"author":[{"embeddable":true,"href":"https:\/\/pdulski.com\/en\/wp-json\/wp\/v2\/users\/3"}],"replies":[{"embeddable":true,"href":"https:\/\/pdulski.com\/en\/wp-json\/wp\/v2\/comments?post=1783"}],"version-history":[{"count":16,"href":"https:\/\/pdulski.com\/en\/wp-json\/wp\/v2\/pages\/1783\/revisions"}],"predecessor-version":[{"id":1828,"href":"https:\/\/pdulski.com\/en\/wp-json\/wp\/v2\/pages\/1783\/revisions\/1828"}],"wp:attachment":[{"href":"https:\/\/pdulski.com\/en\/wp-json\/wp\/v2\/media?parent=1783"}],"curies":[{"name":"wp","href":"https:\/\/api.w.org\/{rel}","templated":true}]}}