{"id":652,"date":"2020-08-24T23:51:27","date_gmt":"2020-08-24T21:51:27","guid":{"rendered":"https:\/\/pdulski.com\/?page_id=652"},"modified":"2020-08-25T00:26:41","modified_gmt":"2020-08-24T22:26:41","slug":"polityka-prywatnosci","status":"publish","type":"page","link":"https:\/\/pdulski.com\/en\/polityka-prywatnosci\/","title":{"rendered":"Polityka prywatno\u015bci"},"content":{"rendered":"<div data-elementor-type=\"wp-page\" data-elementor-id=\"652\" class=\"elementor elementor-652\" data-elementor-post-type=\"page\">\n\t\t\t\t\t\t<section class=\"elementor-section elementor-top-section elementor-element elementor-element-1cae5bb0 elementor-section-boxed elementor-section-height-default elementor-section-height-default\" data-id=\"1cae5bb0\" data-element_type=\"section\">\n\t\t\t\t\t\t<div class=\"elementor-container elementor-column-gap-default\">\n\t\t\t\t\t<div class=\"elementor-column elementor-col-100 elementor-top-column elementor-element elementor-element-57956fef\" data-id=\"57956fef\" data-element_type=\"column\">\n\t\t\t<div class=\"elementor-widget-wrap elementor-element-populated\">\n\t\t\t\t\t\t<div class=\"elementor-element elementor-element-26a6b7d elementor-widget elementor-widget-spacer\" data-id=\"26a6b7d\" data-element_type=\"widget\" data-widget_type=\"spacer.default\">\n\t\t\t\t<div class=\"elementor-widget-container\">\n\t\t\t\t\t\t\t<div class=\"elementor-spacer\">\n\t\t\t<div class=\"elementor-spacer-inner\"><\/div>\n\t\t<\/div>\n\t\t\t\t\t\t<\/div>\n\t\t\t\t<\/div>\n\t\t\t\t<div class=\"elementor-element elementor-element-1ab52c0 elementor-widget elementor-widget-heading\" data-id=\"1ab52c0\" data-element_type=\"widget\" data-widget_type=\"heading.default\">\n\t\t\t\t<div class=\"elementor-widget-container\">\n\t\t\t\t\t<h3 class=\"elementor-heading-title elementor-size-default\">Privacy Policy<\/h3>\t\t\t\t<\/div>\n\t\t\t\t<\/div>\n\t\t\t\t<div class=\"elementor-element elementor-element-63d9c656 elementor-widget elementor-widget-text-editor\" data-id=\"63d9c656\" data-element_type=\"widget\" data-widget_type=\"text-editor.default\">\n\t\t\t\t<div class=\"elementor-widget-container\">\n\t\t\t\t\t\t\t\t\t\n<p class=\"translation-block\">Privacy policy of the website www.pdulski.com<\/p>\n\n<ol type=\"1\">\n<li>General statements<\/li>\n<\/ol>\n\n<p>This Privacy Policy sets out the rules for the processing and protection of personal data provided by Users in connection with their use of services provided through the Website.<\/p>\n\n<p>2. The administrator of personal data contained on the website is the PDulski Online Store run by Pawe\u0142 Dulski, residing in Julianowo 79, 82-550 Prabuty<\/p>\n\n<p>3. In the interests of the security of the data entrusted to us, we have developed internal procedures and recommendations to prevent disclosure of data to unauthorized persons. We control their performance and constantly check their compliance with the relevant legal acts - the Act on the protection of personal data, the Act on the provision of electronic services, as well as all types of executive acts and acts of Community law and the GDPR<\/p>\n\n<p>4. Personal data is processed on the basis of the consent expressed by the User and in cases where the law authorizes the Administrator to process personal data on the basis of legal provisions or to implement the contract concluded between the parties.<\/p>\n\n<p>5. The website obtains information about users and their behavior in the following way:<\/p>\n\n<ol type=\"a\">\n<li>through information entered voluntarily in forms<\/li>\n<li>by collecting \"cookies\" [see the policy of \"cookies\"].<\/li>\n<\/ol>\n\n<p>6. The website collects information voluntarily provided by the user.<\/p>\n\n<p>7. The data provided in the form are processed for the purpose resulting from the function of a specific form, eg to process the information contact.<\/p>\n\n<p>8. Personal data left on the website will not be sold or made available to third parties, in accordance with the provisions of the Personal Data Protection Act.<\/p>\n\n<p>9. The data contained in the form may be viewed by the natural person who placed it there. This person also has the right to modify and stop processing his data at any time.<\/p>\n\n<p>10. We reserve the right to change the privacy policy of the website, which may be affected by the development of internet technology, possible changes to the law in the field of personal data protection and the development of our website. We will inform you about any changes in a visible and understandable way.<\/p>\n\n<p class=\"translation-block\">11. Links to other websites may appear on the Website. Such websites operate independently of the Website and are not supervised in any way by the www.pdulski.com website. These websites may have their own privacy policies and regulations, which we recommend that you read.<\/p>\n\n<p>If in doubt as to any of the provisions of this privacy policy, we are available - our data can be found in the REGULATIONS tab.<\/p>\n\t\t\t\t\t\t\t\t<\/div>\n\t\t\t\t<\/div>\n\t\t\t\t\t<\/div>\n\t\t<\/div>\n\t\t\t\t\t<\/div>\n\t\t<\/section>\n\t\t\t\t<\/div>","protected":false},"excerpt":{"rendered":"<p>Polityka Prywatno\u015bci Polityka prywatno\u015bci serwisu pdulski.com Informacje og\u00f3lne Niniejsza Polityka Prywatno\u015bci okre\u015bla zasady przetwarzania i ochrony danych osobowych przekazanych przez U\u017cytkownik\u00f3w w zwi\u0105zku z korzystaniem przez nich z us\u0142ug \u015bwiadczonych poprzez Serwis. 2. Administratorem danych osobowych zawartych w serwisie jest Sklep Internetowy PDulski prowadzony przez Paw\u0142a Dulskiego, \u00a0zam. Julianowo 79, 82-550 Prabuty 3. W trosce [&hellip;]<\/p>","protected":false},"author":3,"featured_media":0,"parent":0,"menu_order":0,"comment_status":"closed","ping_status":"closed","template":"","meta":{"footnotes":""},"yoast_head":"<!-- This site is optimized with the Yoast SEO plugin v23.0 - https:\/\/yoast.com\/wordpress\/plugins\/seo\/ -->\n<title>Polityka prywatno\u015bci - Teoria L\u0119ku Pierwotnego<\/title>\n<meta name=\"robots\" content=\"index, follow, max-snippet:-1, max-image-preview:large, max-video-preview:-1\" \/>\n<link rel=\"canonical\" href=\"https:\/\/pdulski.com\/en\/polityka-prywatnosci\/\" \/>\n<meta property=\"og:locale\" content=\"en_US\" \/>\n<meta property=\"og:type\" content=\"article\" \/>\n<meta property=\"og:title\" content=\"Polityka prywatno\u015bci - Teoria L\u0119ku Pierwotnego\" \/>\n<meta property=\"og:description\" content=\"Polityka Prywatno\u015bci Polityka prywatno\u015bci serwisu pdulski.com Informacje og\u00f3lne Niniejsza Polityka Prywatno\u015bci okre\u015bla zasady przetwarzania i ochrony danych osobowych przekazanych przez U\u017cytkownik\u00f3w w zwi\u0105zku z korzystaniem przez nich z us\u0142ug \u015bwiadczonych poprzez Serwis. 2. Administratorem danych osobowych zawartych w serwisie jest Sklep Internetowy PDulski prowadzony przez Paw\u0142a Dulskiego, \u00a0zam. Julianowo 79, 82-550 Prabuty 3. W trosce [&hellip;]\" \/>\n<meta property=\"og:url\" content=\"https:\/\/pdulski.com\/en\/polityka-prywatnosci\/\" \/>\n<meta property=\"og:site_name\" content=\"Teoria L\u0119ku Pierwotnego\" \/>\n<meta property=\"article:modified_time\" content=\"2020-08-24T22:26:41+00:00\" \/>\n<meta name=\"twitter:card\" content=\"summary_large_image\" \/>\n<meta name=\"twitter:label1\" content=\"Est. reading time\" \/>\n\t<meta name=\"twitter:data1\" content=\"2 minutes\" \/>\n<script type=\"application\/ld+json\" class=\"yoast-schema-graph\">{\"@context\":\"https:\/\/schema.org\",\"@graph\":[{\"@type\":\"WebPage\",\"@id\":\"https:\/\/pdulski.com\/en\/polityka-prywatnosci\/\",\"url\":\"https:\/\/pdulski.com\/en\/polityka-prywatnosci\/\",\"name\":\"Polityka prywatno\u015bci - Teoria L\u0119ku Pierwotnego\",\"isPartOf\":{\"@id\":\"https:\/\/pdulski.com\/#website\"},\"datePublished\":\"2020-08-24T21:51:27+00:00\",\"dateModified\":\"2020-08-24T22:26:41+00:00\",\"breadcrumb\":{\"@id\":\"https:\/\/pdulski.com\/en\/polityka-prywatnosci\/#breadcrumb\"},\"inLanguage\":\"en-US\",\"potentialAction\":[{\"@type\":\"ReadAction\",\"target\":[\"https:\/\/pdulski.com\/en\/polityka-prywatnosci\/\"]}]},{\"@type\":\"BreadcrumbList\",\"@id\":\"https:\/\/pdulski.com\/en\/polityka-prywatnosci\/#breadcrumb\",\"itemListElement\":[{\"@type\":\"ListItem\",\"position\":1,\"name\":\"Strona g\u0142\u00f3wna\",\"item\":\"https:\/\/pdulski.com\/\"},{\"@type\":\"ListItem\",\"position\":2,\"name\":\"Polityka prywatno\u015bci\"}]},{\"@type\":\"WebSite\",\"@id\":\"https:\/\/pdulski.com\/#website\",\"url\":\"https:\/\/pdulski.com\/\",\"name\":\"Teoria L\u0119ku Pierwotnego\",\"description\":\"Pokonaj strach!\",\"publisher\":{\"@id\":\"https:\/\/pdulski.com\/#\/schema\/person\/95f7a084dc09559e90a6fe806df02883\"},\"potentialAction\":[{\"@type\":\"SearchAction\",\"target\":{\"@type\":\"EntryPoint\",\"urlTemplate\":\"https:\/\/pdulski.com\/?s={search_term_string}\"},\"query-input\":\"required name=search_term_string\"}],\"inLanguage\":\"en-US\"},{\"@type\":[\"Person\",\"Organization\"],\"@id\":\"https:\/\/pdulski.com\/#\/schema\/person\/95f7a084dc09559e90a6fe806df02883\",\"name\":\"Paul Dulski\",\"image\":{\"@type\":\"ImageObject\",\"inLanguage\":\"en-US\",\"@id\":\"https:\/\/pdulski.com\/#\/schema\/person\/image\/\",\"url\":\"https:\/\/pdulski.com\/wp-content\/uploads\/2020\/08\/logo_white_full.svg\",\"contentUrl\":\"https:\/\/pdulski.com\/wp-content\/uploads\/2020\/08\/logo_white_full.svg\",\"width\":1,\"height\":1,\"caption\":\"Paul Dulski\"},\"logo\":{\"@id\":\"https:\/\/pdulski.com\/#\/schema\/person\/image\/\"}}]}<\/script>\n<!-- \/ Yoast SEO plugin. -->","yoast_head_json":{"title":"Polityka prywatno\u015bci - Teoria L\u0119ku Pierwotnego","robots":{"index":"index","follow":"follow","max-snippet":"max-snippet:-1","max-image-preview":"max-image-preview:large","max-video-preview":"max-video-preview:-1"},"canonical":"https:\/\/pdulski.com\/en\/polityka-prywatnosci\/","og_locale":"en_US","og_type":"article","og_title":"Polityka prywatno\u015bci - Teoria L\u0119ku Pierwotnego","og_description":"Polityka Prywatno\u015bci Polityka prywatno\u015bci serwisu pdulski.com Informacje og\u00f3lne Niniejsza Polityka Prywatno\u015bci okre\u015bla zasady przetwarzania i ochrony danych osobowych przekazanych przez U\u017cytkownik\u00f3w w zwi\u0105zku z korzystaniem przez nich z us\u0142ug \u015bwiadczonych poprzez Serwis. 2. Administratorem danych osobowych zawartych w serwisie jest Sklep Internetowy PDulski prowadzony przez Paw\u0142a Dulskiego, \u00a0zam. Julianowo 79, 82-550 Prabuty 3. W trosce [&hellip;]","og_url":"https:\/\/pdulski.com\/en\/polityka-prywatnosci\/","og_site_name":"Teoria L\u0119ku Pierwotnego","article_modified_time":"2020-08-24T22:26:41+00:00","twitter_card":"summary_large_image","twitter_misc":{"Est. reading time":"2 minutes"},"schema":{"@context":"https:\/\/schema.org","@graph":[{"@type":"WebPage","@id":"https:\/\/pdulski.com\/en\/polityka-prywatnosci\/","url":"https:\/\/pdulski.com\/en\/polityka-prywatnosci\/","name":"Polityka prywatno\u015bci - Teoria L\u0119ku Pierwotnego","isPartOf":{"@id":"https:\/\/pdulski.com\/#website"},"datePublished":"2020-08-24T21:51:27+00:00","dateModified":"2020-08-24T22:26:41+00:00","breadcrumb":{"@id":"https:\/\/pdulski.com\/en\/polityka-prywatnosci\/#breadcrumb"},"inLanguage":"en-US","potentialAction":[{"@type":"ReadAction","target":["https:\/\/pdulski.com\/en\/polityka-prywatnosci\/"]}]},{"@type":"BreadcrumbList","@id":"https:\/\/pdulski.com\/en\/polityka-prywatnosci\/#breadcrumb","itemListElement":[{"@type":"ListItem","position":1,"name":"Strona g\u0142\u00f3wna","item":"https:\/\/pdulski.com\/"},{"@type":"ListItem","position":2,"name":"Polityka prywatno\u015bci"}]},{"@type":"WebSite","@id":"https:\/\/pdulski.com\/#website","url":"https:\/\/pdulski.com\/","name":"Teoria L\u0119ku Pierwotnego","description":"Pokonaj strach!","publisher":{"@id":"https:\/\/pdulski.com\/#\/schema\/person\/95f7a084dc09559e90a6fe806df02883"},"potentialAction":[{"@type":"SearchAction","target":{"@type":"EntryPoint","urlTemplate":"https:\/\/pdulski.com\/?s={search_term_string}"},"query-input":"required name=search_term_string"}],"inLanguage":"en-US"},{"@type":["Person","Organization"],"@id":"https:\/\/pdulski.com\/#\/schema\/person\/95f7a084dc09559e90a6fe806df02883","name":"Paul Dulski","image":{"@type":"ImageObject","inLanguage":"en-US","@id":"https:\/\/pdulski.com\/#\/schema\/person\/image\/","url":"https:\/\/pdulski.com\/wp-content\/uploads\/2020\/08\/logo_white_full.svg","contentUrl":"https:\/\/pdulski.com\/wp-content\/uploads\/2020\/08\/logo_white_full.svg","width":1,"height":1,"caption":"Paul Dulski"},"logo":{"@id":"https:\/\/pdulski.com\/#\/schema\/person\/image\/"}}]}},"_links":{"self":[{"href":"https:\/\/pdulski.com\/en\/wp-json\/wp\/v2\/pages\/652"}],"collection":[{"href":"https:\/\/pdulski.com\/en\/wp-json\/wp\/v2\/pages"}],"about":[{"href":"https:\/\/pdulski.com\/en\/wp-json\/wp\/v2\/types\/page"}],"author":[{"embeddable":true,"href":"https:\/\/pdulski.com\/en\/wp-json\/wp\/v2\/users\/3"}],"replies":[{"embeddable":true,"href":"https:\/\/pdulski.com\/en\/wp-json\/wp\/v2\/comments?post=652"}],"version-history":[{"count":8,"href":"https:\/\/pdulski.com\/en\/wp-json\/wp\/v2\/pages\/652\/revisions"}],"predecessor-version":[{"id":661,"href":"https:\/\/pdulski.com\/en\/wp-json\/wp\/v2\/pages\/652\/revisions\/661"}],"wp:attachment":[{"href":"https:\/\/pdulski.com\/en\/wp-json\/wp\/v2\/media?parent=652"}],"curies":[{"name":"wp","href":"https:\/\/api.w.org\/{rel}","templated":true}]}}