{"id":9,"date":"2020-08-02T21:52:18","date_gmt":"2020-08-02T19:52:18","guid":{"rendered":"http:\/\/pdulski.webase.pl\/?page_id=9"},"modified":"2020-10-05T19:28:14","modified_gmt":"2020-10-05T17:28:14","slug":"o-autorze","status":"publish","type":"page","link":"https:\/\/pdulski.com\/en\/o-autorze\/","title":{"rendered":"Author"},"content":{"rendered":"<div data-elementor-type=\"wp-page\" data-elementor-id=\"9\" class=\"elementor elementor-9\" data-elementor-post-type=\"page\">\n\t\t\t\t\t\t<section class=\"elementor-section elementor-top-section elementor-element elementor-element-0779f41 elementor-section-boxed elementor-section-height-default elementor-section-height-default\" data-id=\"0779f41\" data-element_type=\"section\" data-settings=\"{&quot;background_background&quot;:&quot;classic&quot;}\">\n\t\t\t\t\t\t\t<div class=\"elementor-background-overlay\"><\/div>\n\t\t\t\t\t\t\t<div class=\"elementor-container elementor-column-gap-default\">\n\t\t\t\t\t<div class=\"elementor-column elementor-col-100 elementor-top-column elementor-element elementor-element-ffa2f40\" data-id=\"ffa2f40\" data-element_type=\"column\">\n\t\t\t<div class=\"elementor-widget-wrap elementor-element-populated\">\n\t\t\t\t\t\t<div class=\"elementor-element elementor-element-6a7cec90 elementor-widget elementor-widget-heading\" data-id=\"6a7cec90\" data-element_type=\"widget\" data-widget_type=\"heading.default\">\n\t\t\t\t<div class=\"elementor-widget-container\">\n\t\t\t\t\t<h2 class=\"elementor-heading-title elementor-size-default\">Author<\/h2>\t\t\t\t<\/div>\n\t\t\t\t<\/div>\n\t\t\t\t<div class=\"elementor-element elementor-element-18e5a4c6 elementor-widget-divider--view-line elementor-widget elementor-widget-divider\" data-id=\"18e5a4c6\" data-element_type=\"widget\" data-widget_type=\"divider.default\">\n\t\t\t\t<div class=\"elementor-widget-container\">\n\t\t\t\t\t\t\t<div class=\"elementor-divider\">\n\t\t\t<span class=\"elementor-divider-separator\">\n\t\t\t\t\t\t<\/span>\n\t\t<\/div>\n\t\t\t\t\t\t<\/div>\n\t\t\t\t<\/div>\n\t\t\t\t<section class=\"elementor-section elementor-inner-section elementor-element elementor-element-3257ae1 elementor-section-boxed elementor-section-height-default elementor-section-height-default\" data-id=\"3257ae1\" data-element_type=\"section\">\n\t\t\t\t\t\t<div class=\"elementor-container elementor-column-gap-default\">\n\t\t\t\t\t<div class=\"elementor-column elementor-col-50 elementor-inner-column elementor-element elementor-element-067e018\" data-id=\"067e018\" data-element_type=\"column\">\n\t\t\t<div class=\"elementor-widget-wrap elementor-element-populated\">\n\t\t\t\t\t\t<div class=\"elementor-element elementor-element-eda512b elementor-widget elementor-widget-image\" data-id=\"eda512b\" data-element_type=\"widget\" data-widget_type=\"image.default\">\n\t\t\t\t<div class=\"elementor-widget-container\">\n\t\t\t\t\t\t\t\t\t\t\t\t\t\t\t<img fetchpriority=\"high\" decoding=\"async\" width=\"768\" height=\"1147\" src=\"https:\/\/pdulski.com\/wp-content\/uploads\/2020\/08\/XDD_2907-1-768x1147.jpg\" class=\"attachment-medium_large size-medium_large wp-image-173\" alt=\"\" srcset=\"https:\/\/pdulski.com\/wp-content\/uploads\/2020\/08\/XDD_2907-1-768x1147.jpg 768w, https:\/\/pdulski.com\/wp-content\/uploads\/2020\/08\/XDD_2907-1-201x300.jpg 201w, https:\/\/pdulski.com\/wp-content\/uploads\/2020\/08\/XDD_2907-1-685x1024.jpg 685w, https:\/\/pdulski.com\/wp-content\/uploads\/2020\/08\/XDD_2907-1-1028x1536.jpg 1028w, https:\/\/pdulski.com\/wp-content\/uploads\/2020\/08\/XDD_2907-1-1371x2048.jpg 1371w, https:\/\/pdulski.com\/wp-content\/uploads\/2020\/08\/XDD_2907-1-scaled.jpg 1714w\" sizes=\"(max-width: 768px) 100vw, 768px\" \/>\t\t\t\t\t\t\t\t\t\t\t\t\t\t\t<\/div>\n\t\t\t\t<\/div>\n\t\t\t\t\t<\/div>\n\t\t<\/div>\n\t\t\t\t<div class=\"elementor-column elementor-col-50 elementor-inner-column elementor-element elementor-element-2d8443d\" data-id=\"2d8443d\" data-element_type=\"column\">\n\t\t\t<div class=\"elementor-widget-wrap elementor-element-populated\">\n\t\t\t\t\t\t<section class=\"elementor-section elementor-inner-section elementor-element elementor-element-3fdcb6e elementor-section-boxed elementor-section-height-default elementor-section-height-default\" data-id=\"3fdcb6e\" data-element_type=\"section\">\n\t\t\t\t\t\t<div class=\"elementor-container elementor-column-gap-default\">\n\t\t\t\t\t<div class=\"elementor-column elementor-col-100 elementor-inner-column elementor-element elementor-element-cb0431b\" data-id=\"cb0431b\" data-element_type=\"column\">\n\t\t\t<div class=\"elementor-widget-wrap elementor-element-populated\">\n\t\t\t\t\t\t<div class=\"elementor-element elementor-element-ba2a2c9 elementor-widget elementor-widget-heading\" data-id=\"ba2a2c9\" data-element_type=\"widget\" data-widget_type=\"heading.default\">\n\t\t\t\t<div class=\"elementor-widget-container\">\n\t\t\t\t\t<h2 class=\"elementor-heading-title elementor-size-default\">PAUL DULSKI<\/h2>\t\t\t\t<\/div>\n\t\t\t\t<\/div>\n\t\t\t\t<div class=\"elementor-element elementor-element-b342d98 elementor-widget elementor-widget-text-editor\" data-id=\"b342d98\" data-element_type=\"widget\" data-widget_type=\"text-editor.default\">\n\t\t\t\t<div class=\"elementor-widget-container\">\n\t\t\t\t\t\t\t\t\t<h3>WRITER<\/h3>\t\t\t\t\t\t\t\t<\/div>\n\t\t\t\t<\/div>\n\t\t\t\t\t<\/div>\n\t\t<\/div>\n\t\t\t\t\t<\/div>\n\t\t<\/section>\n\t\t\t\t<section class=\"elementor-section elementor-inner-section elementor-element elementor-element-a44de75 elementor-section-boxed elementor-section-height-default elementor-section-height-default\" data-id=\"a44de75\" data-element_type=\"section\">\n\t\t\t\t\t\t<div class=\"elementor-container elementor-column-gap-default\">\n\t\t\t\t\t<div class=\"elementor-column elementor-col-100 elementor-inner-column elementor-element elementor-element-bd05ff5\" data-id=\"bd05ff5\" data-element_type=\"column\">\n\t\t\t<div class=\"elementor-widget-wrap elementor-element-populated\">\n\t\t\t\t\t\t<div class=\"elementor-element elementor-element-73fb56d elementor-drop-cap-yes elementor-drop-cap-view-default elementor-widget elementor-widget-text-editor\" data-id=\"73fb56d\" data-element_type=\"widget\" data-settings=\"{&quot;drop_cap&quot;:&quot;yes&quot;}\" data-widget_type=\"text-editor.default\">\n\t\t\t\t<div class=\"elementor-widget-container\">\n\t\t\t\t\t\t\t\t\t<p>I was born in a small town in northern Poland. I'm in my mid-thirties. I grew up in a region full of lakes, forests, and meadows. I've been fond of animals since childhood. My hobby was horse riding, especially show jumping. My lovely mare was called Kastylia.<\/p>\n<p><!-- \/wp:paragraph --><!-- wp:paragraph --><\/p>\n<p>However, not everything was giving me joy. I suffered from hang-ups and low self-esteem. Additionally, my sensitivity regarding the world's problems regularly brought me down. Sometimes I felt that I didn't want to live anymore, and thought that my existence in this world didn't make any sense.<\/p>\n<p><!-- \/wp:paragraph --><!-- wp:paragraph --><\/p>\n<p>But the desire of go on living was deep within me. I never wanted to give in.<span style=\"font-size: 1rem;\">\u00a0On the other hand, I didn't want to feel terribly either. Therefore, I began my studies on human psychology. I observed people, and drew conclusions. I started to associate with positive people. That's how I found my road to mental balance.\u00a0<\/span><\/p>\n<p><span style=\"font-size: 1rem;\">It won't be relevatory to say that negative emotions are conceived in our head. Unhappiness is the effect of a wrong way of thinking. And since we can create negative thoughts, we are also able to create positive thoughts.\u00a0\u00a0<\/span><\/p>\n<p><span style=\"font-size: 1rem;\">You may ask: \"Paul, how do I do that?!\" That's why I run this blog. We'll learn how to produce positive thoughts. We'll achieve it by means of analysis and comparisons, as well as a hard fight to work on our personality each day.\u00a0<\/span><\/p>\n<p><span style=\"font-size: 1rem;\">In the <em>Author<\/em> section I will post information concerning my life and my travels.\u00a0<\/span><span style=\"font-size: 1rem;\">In the Blog section we'll work together on fighting our fears, worries, and anxieties in order to become a stronger person. The person ready to face any difficulty crossing his\/her path! This section may turn out to be more interesting because of YOU. You'll be able to comment on my posts, and ask questions. I'll be glad to answer them all.\u00a0<\/span><\/p>\n<p><span style=\"font-size: 1rem;\">So, let's begin our adventure!\u00a0\u00a0<\/span><\/p>\n<p>Paul<\/p>\n<p><!-- \/wp:paragraph --><\/p>\t\t\t\t\t\t\t\t<\/div>\n\t\t\t\t<\/div>\n\t\t\t\t\t<\/div>\n\t\t<\/div>\n\t\t\t\t\t<\/div>\n\t\t<\/section>\n\t\t\t\t\t<\/div>\n\t\t<\/div>\n\t\t\t\t\t<\/div>\n\t\t<\/section>\n\t\t\t\t\t<\/div>\n\t\t<\/div>\n\t\t\t\t\t<\/div>\n\t\t<\/section>\n\t\t\t\t<\/div>","protected":false},"excerpt":{"rendered":"<p>O Autorze PAUL DULSKI PISARZ Urodzi\u0142em si\u0119 w ma\u0142ej miejscowo\u015bci na p\u00f3\u0142nocy Polski. Mam ponad 30 lat.\u00a0 Dorasta\u0142em w okolicy jezior, las\u00f3w i \u0142\u0105k. Od dziecka mia\u0142em kontakt ze zwierz\u0119tami. W latach m\u0142odzie\u0144czych moim hobby by\u0142a jazda konna, zw\u0142aszcza skoki przez przeszkody, a moj\u0105 ukochan\u0105 klacz\u0105 by\u0142a Kastylia. Jednak w moim \u017cyciu nie wszystko uk\u0142ada\u0142o [&hellip;]<\/p>","protected":false},"author":1,"featured_media":0,"parent":0,"menu_order":0,"comment_status":"closed","ping_status":"closed","template":"","meta":{"footnotes":""},"yoast_head":"<!-- This site is optimized with the Yoast SEO plugin v23.0 - https:\/\/yoast.com\/wordpress\/plugins\/seo\/ -->\n<title>O Autorze - Teoria L\u0119ku Pierwotnego<\/title>\n<meta name=\"robots\" content=\"index, follow, max-snippet:-1, max-image-preview:large, max-video-preview:-1\" \/>\n<link rel=\"canonical\" href=\"https:\/\/pdulski.com\/en\/o-autorze\/\" \/>\n<meta property=\"og:locale\" content=\"en_US\" \/>\n<meta property=\"og:type\" content=\"article\" \/>\n<meta property=\"og:title\" content=\"O Autorze - Teoria L\u0119ku Pierwotnego\" \/>\n<meta property=\"og:description\" content=\"O Autorze PAUL DULSKI PISARZ Urodzi\u0142em si\u0119 w ma\u0142ej miejscowo\u015bci na p\u00f3\u0142nocy Polski. Mam ponad 30 lat.\u00a0 Dorasta\u0142em w okolicy jezior, las\u00f3w i \u0142\u0105k. Od dziecka mia\u0142em kontakt ze zwierz\u0119tami. W latach m\u0142odzie\u0144czych moim hobby by\u0142a jazda konna, zw\u0142aszcza skoki przez przeszkody, a moj\u0105 ukochan\u0105 klacz\u0105 by\u0142a Kastylia. Jednak w moim \u017cyciu nie wszystko uk\u0142ada\u0142o [&hellip;]\" \/>\n<meta property=\"og:url\" content=\"https:\/\/pdulski.com\/en\/o-autorze\/\" \/>\n<meta property=\"og:site_name\" content=\"Teoria L\u0119ku Pierwotnego\" \/>\n<meta property=\"article:modified_time\" content=\"2020-10-05T17:28:14+00:00\" \/>\n<meta property=\"og:image\" content=\"https:\/\/pdulski.com\/wp-content\/uploads\/2020\/08\/XDD_2907-1-768x1147.jpg\" \/>\n<meta name=\"twitter:card\" content=\"summary_large_image\" \/>\n<meta name=\"twitter:label1\" content=\"Est. reading time\" \/>\n\t<meta name=\"twitter:data1\" content=\"2 minutes\" \/>\n<script type=\"application\/ld+json\" class=\"yoast-schema-graph\">{\"@context\":\"https:\/\/schema.org\",\"@graph\":[{\"@type\":\"WebPage\",\"@id\":\"https:\/\/pdulski.com\/en\/o-autorze\/\",\"url\":\"https:\/\/pdulski.com\/en\/o-autorze\/\",\"name\":\"O Autorze - Teoria L\u0119ku Pierwotnego\",\"isPartOf\":{\"@id\":\"https:\/\/pdulski.com\/#website\"},\"primaryImageOfPage\":{\"@id\":\"https:\/\/pdulski.com\/en\/o-autorze\/#primaryimage\"},\"image\":{\"@id\":\"https:\/\/pdulski.com\/en\/o-autorze\/#primaryimage\"},\"thumbnailUrl\":\"https:\/\/pdulski.com\/wp-content\/uploads\/2020\/08\/XDD_2907-1-768x1147.jpg\",\"datePublished\":\"2020-08-02T19:52:18+00:00\",\"dateModified\":\"2020-10-05T17:28:14+00:00\",\"breadcrumb\":{\"@id\":\"https:\/\/pdulski.com\/en\/o-autorze\/#breadcrumb\"},\"inLanguage\":\"en-US\",\"potentialAction\":[{\"@type\":\"ReadAction\",\"target\":[\"https:\/\/pdulski.com\/en\/o-autorze\/\"]}]},{\"@type\":\"ImageObject\",\"inLanguage\":\"en-US\",\"@id\":\"https:\/\/pdulski.com\/en\/o-autorze\/#primaryimage\",\"url\":\"https:\/\/pdulski.com\/wp-content\/uploads\/2020\/08\/XDD_2907-1-768x1147.jpg\",\"contentUrl\":\"https:\/\/pdulski.com\/wp-content\/uploads\/2020\/08\/XDD_2907-1-768x1147.jpg\"},{\"@type\":\"BreadcrumbList\",\"@id\":\"https:\/\/pdulski.com\/en\/o-autorze\/#breadcrumb\",\"itemListElement\":[{\"@type\":\"ListItem\",\"position\":1,\"name\":\"Strona g\u0142\u00f3wna\",\"item\":\"https:\/\/pdulski.com\/\"},{\"@type\":\"ListItem\",\"position\":2,\"name\":\"O Autorze\"}]},{\"@type\":\"WebSite\",\"@id\":\"https:\/\/pdulski.com\/#website\",\"url\":\"https:\/\/pdulski.com\/\",\"name\":\"Teoria L\u0119ku Pierwotnego\",\"description\":\"Pokonaj strach!\",\"publisher\":{\"@id\":\"https:\/\/pdulski.com\/#\/schema\/person\/95f7a084dc09559e90a6fe806df02883\"},\"potentialAction\":[{\"@type\":\"SearchAction\",\"target\":{\"@type\":\"EntryPoint\",\"urlTemplate\":\"https:\/\/pdulski.com\/?s={search_term_string}\"},\"query-input\":\"required name=search_term_string\"}],\"inLanguage\":\"en-US\"},{\"@type\":[\"Person\",\"Organization\"],\"@id\":\"https:\/\/pdulski.com\/#\/schema\/person\/95f7a084dc09559e90a6fe806df02883\",\"name\":\"Paul Dulski\",\"image\":{\"@type\":\"ImageObject\",\"inLanguage\":\"en-US\",\"@id\":\"https:\/\/pdulski.com\/#\/schema\/person\/image\/\",\"url\":\"https:\/\/pdulski.com\/wp-content\/uploads\/2020\/08\/logo_white_full.svg\",\"contentUrl\":\"https:\/\/pdulski.com\/wp-content\/uploads\/2020\/08\/logo_white_full.svg\",\"width\":1,\"height\":1,\"caption\":\"Paul Dulski\"},\"logo\":{\"@id\":\"https:\/\/pdulski.com\/#\/schema\/person\/image\/\"}}]}<\/script>\n<!-- \/ Yoast SEO plugin. -->","yoast_head_json":{"title":"O Autorze - Teoria L\u0119ku Pierwotnego","robots":{"index":"index","follow":"follow","max-snippet":"max-snippet:-1","max-image-preview":"max-image-preview:large","max-video-preview":"max-video-preview:-1"},"canonical":"https:\/\/pdulski.com\/en\/o-autorze\/","og_locale":"en_US","og_type":"article","og_title":"O Autorze - Teoria L\u0119ku Pierwotnego","og_description":"O Autorze PAUL DULSKI PISARZ Urodzi\u0142em si\u0119 w ma\u0142ej miejscowo\u015bci na p\u00f3\u0142nocy Polski. Mam ponad 30 lat.\u00a0 Dorasta\u0142em w okolicy jezior, las\u00f3w i \u0142\u0105k. Od dziecka mia\u0142em kontakt ze zwierz\u0119tami. W latach m\u0142odzie\u0144czych moim hobby by\u0142a jazda konna, zw\u0142aszcza skoki przez przeszkody, a moj\u0105 ukochan\u0105 klacz\u0105 by\u0142a Kastylia. Jednak w moim \u017cyciu nie wszystko uk\u0142ada\u0142o [&hellip;]","og_url":"https:\/\/pdulski.com\/en\/o-autorze\/","og_site_name":"Teoria L\u0119ku Pierwotnego","article_modified_time":"2020-10-05T17:28:14+00:00","og_image":[{"url":"https:\/\/pdulski.com\/wp-content\/uploads\/2020\/08\/XDD_2907-1-768x1147.jpg"}],"twitter_card":"summary_large_image","twitter_misc":{"Est. reading time":"2 minutes"},"schema":{"@context":"https:\/\/schema.org","@graph":[{"@type":"WebPage","@id":"https:\/\/pdulski.com\/en\/o-autorze\/","url":"https:\/\/pdulski.com\/en\/o-autorze\/","name":"O Autorze - Teoria L\u0119ku Pierwotnego","isPartOf":{"@id":"https:\/\/pdulski.com\/#website"},"primaryImageOfPage":{"@id":"https:\/\/pdulski.com\/en\/o-autorze\/#primaryimage"},"image":{"@id":"https:\/\/pdulski.com\/en\/o-autorze\/#primaryimage"},"thumbnailUrl":"https:\/\/pdulski.com\/wp-content\/uploads\/2020\/08\/XDD_2907-1-768x1147.jpg","datePublished":"2020-08-02T19:52:18+00:00","dateModified":"2020-10-05T17:28:14+00:00","breadcrumb":{"@id":"https:\/\/pdulski.com\/en\/o-autorze\/#breadcrumb"},"inLanguage":"en-US","potentialAction":[{"@type":"ReadAction","target":["https:\/\/pdulski.com\/en\/o-autorze\/"]}]},{"@type":"ImageObject","inLanguage":"en-US","@id":"https:\/\/pdulski.com\/en\/o-autorze\/#primaryimage","url":"https:\/\/pdulski.com\/wp-content\/uploads\/2020\/08\/XDD_2907-1-768x1147.jpg","contentUrl":"https:\/\/pdulski.com\/wp-content\/uploads\/2020\/08\/XDD_2907-1-768x1147.jpg"},{"@type":"BreadcrumbList","@id":"https:\/\/pdulski.com\/en\/o-autorze\/#breadcrumb","itemListElement":[{"@type":"ListItem","position":1,"name":"Strona g\u0142\u00f3wna","item":"https:\/\/pdulski.com\/"},{"@type":"ListItem","position":2,"name":"O Autorze"}]},{"@type":"WebSite","@id":"https:\/\/pdulski.com\/#website","url":"https:\/\/pdulski.com\/","name":"Teoria L\u0119ku Pierwotnego","description":"Pokonaj strach!","publisher":{"@id":"https:\/\/pdulski.com\/#\/schema\/person\/95f7a084dc09559e90a6fe806df02883"},"potentialAction":[{"@type":"SearchAction","target":{"@type":"EntryPoint","urlTemplate":"https:\/\/pdulski.com\/?s={search_term_string}"},"query-input":"required name=search_term_string"}],"inLanguage":"en-US"},{"@type":["Person","Organization"],"@id":"https:\/\/pdulski.com\/#\/schema\/person\/95f7a084dc09559e90a6fe806df02883","name":"Paul Dulski","image":{"@type":"ImageObject","inLanguage":"en-US","@id":"https:\/\/pdulski.com\/#\/schema\/person\/image\/","url":"https:\/\/pdulski.com\/wp-content\/uploads\/2020\/08\/logo_white_full.svg","contentUrl":"https:\/\/pdulski.com\/wp-content\/uploads\/2020\/08\/logo_white_full.svg","width":1,"height":1,"caption":"Paul Dulski"},"logo":{"@id":"https:\/\/pdulski.com\/#\/schema\/person\/image\/"}}]}},"_links":{"self":[{"href":"https:\/\/pdulski.com\/en\/wp-json\/wp\/v2\/pages\/9"}],"collection":[{"href":"https:\/\/pdulski.com\/en\/wp-json\/wp\/v2\/pages"}],"about":[{"href":"https:\/\/pdulski.com\/en\/wp-json\/wp\/v2\/types\/page"}],"author":[{"embeddable":true,"href":"https:\/\/pdulski.com\/en\/wp-json\/wp\/v2\/users\/1"}],"replies":[{"embeddable":true,"href":"https:\/\/pdulski.com\/en\/wp-json\/wp\/v2\/comments?post=9"}],"version-history":[{"count":31,"href":"https:\/\/pdulski.com\/en\/wp-json\/wp\/v2\/pages\/9\/revisions"}],"predecessor-version":[{"id":943,"href":"https:\/\/pdulski.com\/en\/wp-json\/wp\/v2\/pages\/9\/revisions\/943"}],"wp:attachment":[{"href":"https:\/\/pdulski.com\/en\/wp-json\/wp\/v2\/media?parent=9"}],"curies":[{"name":"wp","href":"https:\/\/api.w.org\/{rel}","templated":true}]}}